{"id":4769,"date":"2020-02-12T13:11:38","date_gmt":"2020-02-12T12:11:38","guid":{"rendered":"https:\/\/lykatec.dk\/contact\/"},"modified":"2024-11-05T08:58:14","modified_gmt":"2024-11-05T07:58:14","slug":"contact","status":"publish","type":"page","link":"https:\/\/lykatec.dk\/en\/contact\/","title":{"rendered":"Contact"},"content":{"rendered":"<section class=\"wpb-content-wrapper\"><p>[vc_row full_width=&#8221;stretch_row_content_no_spaces&#8221; equal_height=&#8221;yes&#8221; content_placement=&#8221;middle&#8221;][vc_column el_class=&#8221;stretch-fill&#8221; css=&#8221;.vc_custom_1620369361855{background-color: #f7f7f7 !important;}&#8221; offset=&#8221;vc_col-lg-6 vc_col-md-6 vc_col-xs-12&#8243;][vc_column_text]<\/p>\n<h2 style=\"text-align: center;\">Our information<\/h2>\n<p style=\"text-align: center;\"><strong>LYKATEC ApS<\/strong><br \/>\nBj\u00f8rnsholmvej 118, 9670 L\u00f8gst\u00f8r<\/p>\n<p style=\"text-align: center;\"><a href=\"tel:70604033\">(+45) 70 60 40 33<\/a><br \/>\n<a href=\"mailto:lykatec@lykatec.dk\">lykatec@lykatec.dk<\/a><\/p>\n<p style=\"text-align: center;\">CVR no.: 39133849<\/p>\n<p>[\/vc_column_text][\/vc_column][vc_column el_class=&#8221;stretch&#8221; offset=&#8221;vc_col-lg-6 vc_col-md-6 vc_col-xs-12&#8243;][vc_column_text]<\/p>\n<h3>Write to us<\/h3>\n<p>[\/vc_column_text][vc_empty_space height=&#8221;15px&#8221;][vc_raw_html]JTVCZm9ybWluYXRvcl9mb3JtJTIwaWQlM0QlMjI0NzgzJTIyJTVE[\/vc_raw_html][\/vc_column][\/vc_row][vc_row full_width=&#8221;stretch_row_content_no_spaces&#8221;][vc_column][vc_gmaps link=&#8221;#E-8_JTNDaWZyYW1lJTIwc3JjJTNEJTIyaHR0cHMlM0ElMkYlMkZ3d3cuZ29vZ2xlLmNvbSUyRm1hcHMlMkZlbWJlZCUzRnBiJTNEJTIxMW0xOCUyMTFtMTIlMjExbTMlMjExZDE3NDQ5LjM5ODMzMTg5ODUyNyUyMTJkOS4yNDIyMzI0MzU4NTc4NDUlMjEzZDU2Ljg2MDA5NzQ3MzQwMzc4JTIxMm0zJTIxMWYwJTIxMmYwJTIxM2YwJTIxM20yJTIxMWkxMDI0JTIxMmk3NjglMjE0ZjEzLjElMjEzbTMlMjExbTIlMjExczB4NDY0OTZiZWY2NmJmYTAzZCUyNTNBMHhjNWMyMDFiMGE3NTBmMGRmJTIxMnpRbXJEdUhKdWMyaHZiRzEyWldvZ01URTRMQ0E1Tmpjd0lFekR1R2R6ZE1PNGNnJTIxNWUwJTIxM20yJTIxMXNkYSUyMTJzZGslMjE0djE3MDA4MjA0MTU3NzElMjE1bTIlMjExc2RhJTIxMnNkayUyMiUyMHdpZHRoJTNEJTIyNjAwJTIyJTIwaGVpZ2h0JTNEJTIyNDUwJTIyJTIwc3R5bGUlM0QlMjJib3JkZXIlM0EwJTNCJTIyJTIwYWxsb3dmdWxsc2NyZWVuJTNEJTIyJTIyJTIwbG9hZGluZyUzRCUyMmxhenklMjIlMjByZWZlcnJlcnBvbGljeSUzRCUyMm5vLXJlZmVycmVyLXdoZW4tZG93bmdyYWRlJTIyJTNFJTNDJTJGaWZyYW1lJTNF&#8221; size=&#8221;400px&#8221; css=&#8221;.vc_custom_1700821232109{margin-bottom: 0px !important;}&#8221;][\/vc_column][\/vc_row]<\/p>\n<\/section>","protected":false},"excerpt":{"rendered":"<p>Do you have questions or comments?<\/p>\n","protected":false},"author":1,"featured_media":0,"parent":0,"menu_order":0,"comment_status":"closed","ping_status":"closed","template":"","meta":{"_acf_changed":false,"footnotes":""},"categories":[],"class_list":["post-4769","page","type-page","status-publish"],"acf":[],"yoast_head":"<!-- This site is optimized with the Yoast SEO plugin v25.6 - https:\/\/yoast.com\/wordpress\/plugins\/seo\/ -->\n<title>Contact | LYKATEC ApS<\/title>\n<meta name=\"robots\" content=\"index, follow, max-snippet:-1, max-image-preview:large, max-video-preview:-1\" \/>\n<link rel=\"canonical\" href=\"https:\/\/lykatec.dk\/en\/contact\/\" \/>\n<meta property=\"og:locale\" content=\"en_US\" \/>\n<meta property=\"og:type\" content=\"article\" \/>\n<meta property=\"og:title\" content=\"Contact | LYKATEC ApS\" \/>\n<meta property=\"og:description\" content=\"Do you have questions or comments?\" \/>\n<meta property=\"og:url\" content=\"https:\/\/lykatec.dk\/en\/contact\/\" \/>\n<meta property=\"og:site_name\" content=\"LYKATEC ApS\" \/>\n<meta property=\"article:modified_time\" content=\"2024-11-05T07:58:14+00:00\" \/>\n<meta name=\"twitter:card\" content=\"summary_large_image\" \/>\n<meta name=\"twitter:label1\" content=\"Est. reading time\" \/>\n\t<meta name=\"twitter:data1\" content=\"1 minute\" \/>\n<script type=\"application\/ld+json\" class=\"yoast-schema-graph\">{\"@context\":\"https:\/\/schema.org\",\"@graph\":[{\"@type\":\"WebPage\",\"@id\":\"https:\/\/lykatec.dk\/en\/contact\/\",\"url\":\"https:\/\/lykatec.dk\/en\/contact\/\",\"name\":\"Contact | LYKATEC ApS\",\"isPartOf\":{\"@id\":\"https:\/\/lykatec.dk\/#website\"},\"datePublished\":\"2020-02-12T12:11:38+00:00\",\"dateModified\":\"2024-11-05T07:58:14+00:00\",\"breadcrumb\":{\"@id\":\"https:\/\/lykatec.dk\/en\/contact\/#breadcrumb\"},\"inLanguage\":\"en-US\",\"potentialAction\":[{\"@type\":\"ReadAction\",\"target\":[\"https:\/\/lykatec.dk\/en\/contact\/\"]}]},{\"@type\":\"BreadcrumbList\",\"@id\":\"https:\/\/lykatec.dk\/en\/contact\/#breadcrumb\",\"itemListElement\":[{\"@type\":\"ListItem\",\"position\":1,\"name\":\"Hjem\",\"item\":\"https:\/\/lykatec.dk\/en\/\"},{\"@type\":\"ListItem\",\"position\":2,\"name\":\"Contact\"}]},{\"@type\":\"WebSite\",\"@id\":\"https:\/\/lykatec.dk\/#website\",\"url\":\"https:\/\/lykatec.dk\/\",\"name\":\"LYKATEC ApS\",\"description\":\"Specialister i svejsning: HDPE indf\u00f8ringsb\u00f8jninger, krympe muffer &amp; svejsemuffer\",\"publisher\":{\"@id\":\"https:\/\/lykatec.dk\/#organization\"},\"potentialAction\":[{\"@type\":\"SearchAction\",\"target\":{\"@type\":\"EntryPoint\",\"urlTemplate\":\"https:\/\/lykatec.dk\/?s={search_term_string}\"},\"query-input\":{\"@type\":\"PropertyValueSpecification\",\"valueRequired\":true,\"valueName\":\"search_term_string\"}}],\"inLanguage\":\"en-US\"},{\"@type\":\"Organization\",\"@id\":\"https:\/\/lykatec.dk\/#organization\",\"name\":\"LYKATEC ApS\",\"url\":\"https:\/\/lykatec.dk\/\",\"logo\":{\"@type\":\"ImageObject\",\"inLanguage\":\"en-US\",\"@id\":\"https:\/\/lykatec.dk\/#\/schema\/logo\/image\/\",\"url\":\"https:\/\/lykatec.dk\/wp-content\/uploads\/2023\/11\/download-removebg-preview.png\",\"contentUrl\":\"https:\/\/lykatec.dk\/wp-content\/uploads\/2023\/11\/download-removebg-preview.png\",\"width\":257,\"height\":76,\"caption\":\"LYKATEC ApS\"},\"image\":{\"@id\":\"https:\/\/lykatec.dk\/#\/schema\/logo\/image\/\"}}]}<\/script>\n<!-- \/ Yoast SEO plugin. -->","yoast_head_json":{"title":"Contact | LYKATEC ApS","robots":{"index":"index","follow":"follow","max-snippet":"max-snippet:-1","max-image-preview":"max-image-preview:large","max-video-preview":"max-video-preview:-1"},"canonical":"https:\/\/lykatec.dk\/en\/contact\/","og_locale":"en_US","og_type":"article","og_title":"Contact | LYKATEC ApS","og_description":"Do you have questions or comments?","og_url":"https:\/\/lykatec.dk\/en\/contact\/","og_site_name":"LYKATEC ApS","article_modified_time":"2024-11-05T07:58:14+00:00","twitter_card":"summary_large_image","twitter_misc":{"Est. reading time":"1 minute"},"schema":{"@context":"https:\/\/schema.org","@graph":[{"@type":"WebPage","@id":"https:\/\/lykatec.dk\/en\/contact\/","url":"https:\/\/lykatec.dk\/en\/contact\/","name":"Contact | LYKATEC ApS","isPartOf":{"@id":"https:\/\/lykatec.dk\/#website"},"datePublished":"2020-02-12T12:11:38+00:00","dateModified":"2024-11-05T07:58:14+00:00","breadcrumb":{"@id":"https:\/\/lykatec.dk\/en\/contact\/#breadcrumb"},"inLanguage":"en-US","potentialAction":[{"@type":"ReadAction","target":["https:\/\/lykatec.dk\/en\/contact\/"]}]},{"@type":"BreadcrumbList","@id":"https:\/\/lykatec.dk\/en\/contact\/#breadcrumb","itemListElement":[{"@type":"ListItem","position":1,"name":"Hjem","item":"https:\/\/lykatec.dk\/en\/"},{"@type":"ListItem","position":2,"name":"Contact"}]},{"@type":"WebSite","@id":"https:\/\/lykatec.dk\/#website","url":"https:\/\/lykatec.dk\/","name":"LYKATEC ApS","description":"Specialister i svejsning: HDPE indf\u00f8ringsb\u00f8jninger, krympe muffer &amp; svejsemuffer","publisher":{"@id":"https:\/\/lykatec.dk\/#organization"},"potentialAction":[{"@type":"SearchAction","target":{"@type":"EntryPoint","urlTemplate":"https:\/\/lykatec.dk\/?s={search_term_string}"},"query-input":{"@type":"PropertyValueSpecification","valueRequired":true,"valueName":"search_term_string"}}],"inLanguage":"en-US"},{"@type":"Organization","@id":"https:\/\/lykatec.dk\/#organization","name":"LYKATEC ApS","url":"https:\/\/lykatec.dk\/","logo":{"@type":"ImageObject","inLanguage":"en-US","@id":"https:\/\/lykatec.dk\/#\/schema\/logo\/image\/","url":"https:\/\/lykatec.dk\/wp-content\/uploads\/2023\/11\/download-removebg-preview.png","contentUrl":"https:\/\/lykatec.dk\/wp-content\/uploads\/2023\/11\/download-removebg-preview.png","width":257,"height":76,"caption":"LYKATEC ApS"},"image":{"@id":"https:\/\/lykatec.dk\/#\/schema\/logo\/image\/"}}]}},"_links":{"self":[{"href":"https:\/\/lykatec.dk\/en\/wp-json\/wp\/v2\/pages\/4769"}],"collection":[{"href":"https:\/\/lykatec.dk\/en\/wp-json\/wp\/v2\/pages"}],"about":[{"href":"https:\/\/lykatec.dk\/en\/wp-json\/wp\/v2\/types\/page"}],"author":[{"embeddable":true,"href":"https:\/\/lykatec.dk\/en\/wp-json\/wp\/v2\/users\/1"}],"replies":[{"embeddable":true,"href":"https:\/\/lykatec.dk\/en\/wp-json\/wp\/v2\/comments?post=4769"}],"version-history":[{"count":3,"href":"https:\/\/lykatec.dk\/en\/wp-json\/wp\/v2\/pages\/4769\/revisions"}],"predecessor-version":[{"id":4787,"href":"https:\/\/lykatec.dk\/en\/wp-json\/wp\/v2\/pages\/4769\/revisions\/4787"}],"wp:attachment":[{"href":"https:\/\/lykatec.dk\/en\/wp-json\/wp\/v2\/media?parent=4769"}],"wp:term":[{"taxonomy":"category","embeddable":true,"href":"https:\/\/lykatec.dk\/en\/wp-json\/wp\/v2\/categories?post=4769"}],"curies":[{"name":"wp","href":"https:\/\/api.w.org\/{rel}","templated":true}]}}